{"id":11,"date":"2022-03-04T22:24:30","date_gmt":"2022-03-04T22:24:30","guid":{"rendered":"https:\/\/tafqir.org.mx\/?page_id=11"},"modified":"2026-01-11T01:54:19","modified_gmt":"2026-01-11T01:54:19","slug":"principal","status":"publish","type":"page","link":"https:\/\/tafqir.org.mx\/","title":{"rendered":"Principal"},"content":{"rendered":"\t\t<div data-elementor-type=\"wp-page\" data-elementor-id=\"11\" class=\"elementor elementor-11\">\n\t\t\t\t\t\t<section class=\"elementor-section elementor-top-section elementor-element elementor-element-5a112168 elementor-section-content-middle elementor-section-boxed elementor-section-height-default elementor-section-height-default\" data-id=\"5a112168\" data-element_type=\"section\">\n\t\t\t\t\t\t<div class=\"elementor-container elementor-column-gap-no\">\n\t\t\t\t\t<div class=\"elementor-column elementor-col-100 elementor-top-column elementor-element elementor-element-54f1596b\" data-id=\"54f1596b\" data-element_type=\"column\">\n\t\t\t<div class=\"elementor-widget-wrap elementor-element-populated\">\n\t\t\t\t\t\t<div class=\"elementor-element elementor-element-ef0c75c elementor-widget elementor-widget-heading\" data-id=\"ef0c75c\" data-element_type=\"widget\" data-widget_type=\"heading.default\">\n\t\t\t\t<div class=\"elementor-widget-container\">\n\t\t\t\t\t<h2 class=\"elementor-heading-title elementor-size-default\">Mision<\/h2>\t\t\t\t<\/div>\n\t\t\t\t<\/div>\n\t\t\t\t<div class=\"elementor-element elementor-element-90d8f75 elementor-widget elementor-widget-text-editor\" data-id=\"90d8f75\" data-element_type=\"widget\" data-widget_type=\"text-editor.default\">\n\t\t\t\t<div class=\"elementor-widget-container\">\n\t\t\t\t\t\t\t\t\t<p><span style=\"font-size: 11pt; font-family: Arial, sans-serif; background-color: transparent; font-variant-numeric: normal; font-variant-east-asian: normal; font-variant-alternates: normal; font-variant-position: normal; font-variant-emoji: normal; vertical-align: baseline; white-space-collapse: preserve;\">Ser una organizaci\u00f3n catalizadora de movilidad social en el Estado de M\u00e9xico, dedicada a empoderar a jefas de familia y j\u00f3venes en riesgo a trav\u00e9s de un modelo educativo h\u00edbrido que combina la capacitaci\u00f3n t\u00e9cnica acelerada, la regularizaci\u00f3n acad\u00e9mica y el soporte psicosocial. Nuestra misi\u00f3n es transformar la desesperanza econ\u00f3mica en autonom\u00eda financiera, utilizando la educaci\u00f3n como la principal herramienta de contenci\u00f3n contra la violencia y la migraci\u00f3n irregular.<\/span><\/p>\t\t\t\t\t\t\t\t<\/div>\n\t\t\t\t<\/div>\n\t\t\t\t<div class=\"elementor-element elementor-element-ea4c53c elementor-widget elementor-widget-text-editor\" data-id=\"ea4c53c\" data-element_type=\"widget\" data-widget_type=\"text-editor.default\">\n\t\t\t\t<div class=\"elementor-widget-container\">\n\t\t\t\t\t\t\t\t\t<p><span style=\"font-weight: 400;\">.<\/span><\/p>\t\t\t\t\t\t\t\t<\/div>\n\t\t\t\t<\/div>\n\t\t\t\t<div class=\"elementor-element elementor-element-2e949d1 elementor-widget-divider--view-line elementor-widget elementor-widget-divider\" data-id=\"2e949d1\" data-element_type=\"widget\" data-widget_type=\"divider.default\">\n\t\t\t\t<div class=\"elementor-widget-container\">\n\t\t\t\t\t\t\t<div class=\"elementor-divider\">\n\t\t\t<span class=\"elementor-divider-separator\">\n\t\t\t\t\t\t<\/span>\n\t\t<\/div>\n\t\t\t\t\t\t<\/div>\n\t\t\t\t<\/div>\n\t\t\t\t<div class=\"elementor-element elementor-element-d02ba44 elementor-widget elementor-widget-heading\" data-id=\"d02ba44\" data-element_type=\"widget\" data-widget_type=\"heading.default\">\n\t\t\t\t<div class=\"elementor-widget-container\">\n\t\t\t\t\t<h2 class=\"elementor-heading-title elementor-size-default\">Vision<\/h2>\t\t\t\t<\/div>\n\t\t\t\t<\/div>\n\t\t\t\t<div class=\"elementor-element elementor-element-0dda94e elementor-widget elementor-widget-text-editor\" data-id=\"0dda94e\" data-element_type=\"widget\" data-widget_type=\"text-editor.default\">\n\t\t\t\t<div class=\"elementor-widget-container\">\n\t\t\t\t\t\t\t\t\t<p><span style=\"color: #000000;\">Consolidarnos para el a\u00f1o 2030 como la instituci\u00f3n l\u00edder en innovaci\u00f3n educativa comunitaria en M\u00e9xico, reconocida por la implementaci\u00f3n exitosa de &#8220;Unidades de Pr\u00e1ctica Profesional&#8221; y &#8220;C\u00edrculos de Estudio H\u00edbridos&#8221;. Aspiramos a crear un corredor de seguridad y prosperidad en el noreste del Estado de M\u00e9xico, donde nuestros egresados y patrocinados no solo sean autosuficientes, sino que se conviertan en mentores y l\u00edderes que reconstruyan el tejido social de sus propias comunidades.<\/span><\/p>\t\t\t\t\t\t\t\t<\/div>\n\t\t\t\t<\/div>\n\t\t\t\t<div class=\"elementor-element elementor-element-a761613 elementor-widget elementor-widget-heading\" data-id=\"a761613\" data-element_type=\"widget\" data-widget_type=\"heading.default\">\n\t\t\t\t<div class=\"elementor-widget-container\">\n\t\t\t\t\t<h2 class=\"elementor-heading-title elementor-size-default\">Objetivos Generales<\/h2>\t\t\t\t<\/div>\n\t\t\t\t<\/div>\n\t\t\t\t<div class=\"elementor-element elementor-element-3a6e86f elementor-widget elementor-widget-text-editor\" data-id=\"3a6e86f\" data-element_type=\"widget\" data-widget_type=\"text-editor.default\">\n\t\t\t\t<div class=\"elementor-widget-container\">\n\t\t\t\t\t\t\t\t\t<ol><li style=\"font-weight: 400;\" aria-level=\"1\"><span style=\"color: #000000;\"><b>Independencia Econ\u00f3mica Inmediata:<\/b><span style=\"font-weight: 400;\"> Proveer a los beneficiarios de habilidades t\u00e9cnicas monetizables a corto plazo (Learning by Earning) para estabilizar la econom\u00eda familiar y reducir la dependencia de d\u00e1divas o actividades il\u00edcitas.<\/span><\/span><\/li><li style=\"font-weight: 400;\" aria-level=\"1\"><span style=\"color: #000000;\"><b>Regularizaci\u00f3n Acad\u00e9mica Integral:<\/b><span style=\"font-weight: 400;\"> Cerrar la brecha educativa exacerbada por la pandemia (&#8220;Generaci\u00f3n Zoom&#8221;), asegurando que j\u00f3venes y adultos obtengan certificaciones oficiales (INEA\/SEP) y competencias ling\u00fc\u00edsticas (Ingl\u00e9s).<\/span><\/span><\/li><li aria-level=\"1\"><span style=\"color: #000000;\"><b style=\"font-style: inherit;\">Reconstrucci\u00f3n del Tejido Social:<\/b><span style=\"font-size: 16px; font-weight: 400;\"> Fomentar la cohesi\u00f3n comunitaria a trav\u00e9s de la colaboraci\u00f3n entre pares, la salud preventiva y la creaci\u00f3n de espacios seguros de convivencia, alejando a la juventud del reclutamiento criminal.<\/span><\/span><\/li><li aria-level=\"1\"><span style=\"color: #000000;\"><strong>Habitos de vida saludable:<\/strong> Fomentar los habitos de vida saludable mediante alimentos reales, organicos no ultraprocesados y el ejercicio constante cardiovascular y de fuerza desde la infancia hasta la tercera edad.\u00a0<\/span><\/li><\/ol>\t\t\t\t\t\t\t\t<\/div>\n\t\t\t\t<\/div>\n\t\t\t\t<div class=\"elementor-element elementor-element-f1b5fae elementor-widget elementor-widget-heading\" data-id=\"f1b5fae\" data-element_type=\"widget\" data-widget_type=\"heading.default\">\n\t\t\t\t<div class=\"elementor-widget-container\">\n\t\t\t\t\t<h2 class=\"elementor-heading-title elementor-size-default\">Valores<\/h2>\t\t\t\t<\/div>\n\t\t\t\t<\/div>\n\t\t\t\t<div class=\"elementor-element elementor-element-e5c2e0f elementor-widget elementor-widget-text-editor\" data-id=\"e5c2e0f\" data-element_type=\"widget\" data-widget_type=\"text-editor.default\">\n\t\t\t\t<div class=\"elementor-widget-container\">\n\t\t\t\t\t\t\t\t\t<ul><li style=\"font-weight: 400;\" aria-level=\"1\"><span style=\"color: #000000;\"><b>Meritocracia:<\/b><span style=\"font-weight: 400;\"> Contra la cultura del &#8220;dinero f\u00e1cil&#8221; del narco, promovemos la cultura del esfuerzo y la recompensa basada en el m\u00e9rito y el trabajo duro.<\/span><\/span><\/li><li style=\"font-weight: 400;\" aria-level=\"1\"><span style=\"color: #000000;\"><b>Solidaridad Intergeneracional:<\/b><span style=\"font-weight: 400;\"> Fomento de la responsabilidad compartida donde los egresados apoyan a los nuevos estudiantes.<\/span><\/span><\/li><li style=\"font-weight: 400;\" aria-level=\"1\"><span style=\"color: #000000;\"><b>Resiliencia Adaptativa:<\/b><span style=\"font-weight: 400;\"> Capacidad de ajustar los m\u00e9todos de ense\u00f1anza a las realidades de pobreza, falta de tiempo y crisis sanitarias.<\/span><\/span><\/li><li style=\"font-weight: 400;\" aria-level=\"1\"><span style=\"color: #000000;\"><b>Humanismo Mexicano:<\/b><span style=\"font-weight: 400;\"> En consonancia con los principios de la Nueva Escuela Mexicana (NEM), colocamos a la comunidad al centro del proceso educativo, pero con un enfoque pragm\u00e1tico orientado a resultados.<\/span><\/span><\/li><\/ul>\t\t\t\t\t\t\t\t<\/div>\n\t\t\t\t<\/div>\n\t\t\t\t\t<\/div>\n\t\t<\/div>\n\t\t\t\t\t<\/div>\n\t\t<\/section>\n\t\t\t\t<section class=\"elementor-section elementor-top-section elementor-element elementor-element-4f67125 elementor-section-boxed elementor-section-height-default elementor-section-height-default\" data-id=\"4f67125\" data-element_type=\"section\">\n\t\t\t\t\t\t<div class=\"elementor-container elementor-column-gap-default\">\n\t\t\t\t\t<div class=\"elementor-column elementor-col-100 elementor-top-column elementor-element elementor-element-b0c8afc\" data-id=\"b0c8afc\" data-element_type=\"column\">\n\t\t\t<div class=\"elementor-widget-wrap elementor-element-populated\">\n\t\t\t\t\t\t<div class=\"elementor-element elementor-element-50088d1 elementor-widget-divider--view-line elementor-widget elementor-widget-divider\" data-id=\"50088d1\" data-element_type=\"widget\" data-widget_type=\"divider.default\">\n\t\t\t\t<div class=\"elementor-widget-container\">\n\t\t\t\t\t\t\t<div class=\"elementor-divider\">\n\t\t\t<span class=\"elementor-divider-separator\">\n\t\t\t\t\t\t<\/span>\n\t\t<\/div>\n\t\t\t\t\t\t<\/div>\n\t\t\t\t<\/div>\n\t\t\t\t<div class=\"elementor-element elementor-element-0580d3d elementor-widget elementor-widget-google_maps\" data-id=\"0580d3d\" data-element_type=\"widget\" data-widget_type=\"google_maps.default\">\n\t\t\t\t<div class=\"elementor-widget-container\">\n\t\t\t\t\t\t\t<div class=\"elementor-custom-embed\">\n\t\t\t<iframe loading=\"lazy\"\n\t\t\t\t\tsrc=\"https:\/\/maps.google.com\/maps?q=Tafqir%20Organization&#038;t=m&#038;z=15&#038;output=embed&#038;iwloc=near\"\n\t\t\t\t\ttitle=\"Tafqir Organization\"\n\t\t\t\t\taria-label=\"Tafqir Organization\"\n\t\t\t><\/iframe>\n\t\t<\/div>\n\t\t\t\t\t\t<\/div>\n\t\t\t\t<\/div>\n\t\t\t\t\t<\/div>\n\t\t<\/div>\n\t\t\t\t\t<\/div>\n\t\t<\/section>\n\t\t\t\t<section class=\"elementor-section elementor-top-section elementor-element elementor-element-c2a4217 elementor-section-boxed elementor-section-height-default elementor-section-height-default\" data-id=\"c2a4217\" data-element_type=\"section\">\n\t\t\t\t\t\t<div class=\"elementor-container elementor-column-gap-default\">\n\t\t\t\t\t<div class=\"elementor-column elementor-col-100 elementor-top-column elementor-element elementor-element-8d30c4e\" data-id=\"8d30c4e\" data-element_type=\"column\">\n\t\t\t<div class=\"elementor-widget-wrap\">\n\t\t\t\t\t\t\t<\/div>\n\t\t<\/div>\n\t\t\t\t\t<\/div>\n\t\t<\/section>\n\t\t\t\t<\/div>\n\t\t","protected":false},"excerpt":{"rendered":"<p>Mision Ser una organizaci\u00f3n catalizadora de movilidad social en el Estado de M\u00e9xico, dedicada a empoderar a jefas de familia y j\u00f3venes en riesgo a trav\u00e9s de un modelo educativo h\u00edbrido que combina la capacitaci\u00f3n t\u00e9cnica acelerada, la regularizaci\u00f3n acad\u00e9mica y el soporte psicosocial. Nuestra misi\u00f3n es transformar la desesperanza econ\u00f3mica en autonom\u00eda financiera, utilizando [&hellip;]<\/p>\n","protected":false},"author":1,"featured_media":0,"parent":0,"menu_order":0,"comment_status":"closed","ping_status":"closed","template":"","meta":{"site-sidebar-layout":"no-sidebar","site-content-layout":"page-builder","ast-site-content-layout":"full-width-container","site-content-style":"unboxed","site-sidebar-style":"unboxed","ast-global-header-display":"","ast-banner-title-visibility":"","ast-main-header-display":"","ast-hfb-above-header-display":"","ast-hfb-below-header-display":"","ast-hfb-mobile-header-display":"","site-post-title":"disabled","ast-breadcrumbs-content":"","ast-featured-img":"disabled","footer-sml-layout":"","theme-transparent-header-meta":"","adv-header-id-meta":"","stick-header-meta":"","header-above-stick-meta":"","header-main-stick-meta":"","header-below-stick-meta":"","astra-migrate-meta-layouts":"set","ast-page-background-enabled":"default","ast-page-background-meta":{"desktop":{"background-color":"var(--ast-global-color-4)","background-image":"","background-repeat":"repeat","background-position":"center center","background-size":"auto","background-attachment":"scroll","background-type":"","background-media":"","overlay-type":"","overlay-color":"","overlay-opacity":"","overlay-gradient":""},"tablet":{"background-color":"","background-image":"","background-repeat":"repeat","background-position":"center center","background-size":"auto","background-attachment":"scroll","background-type":"","background-media":"","overlay-type":"","overlay-color":"","overlay-opacity":"","overlay-gradient":""},"mobile":{"background-color":"","background-image":"","background-repeat":"repeat","background-position":"center center","background-size":"auto","background-attachment":"scroll","background-type":"","background-media":"","overlay-type":"","overlay-color":"","overlay-opacity":"","overlay-gradient":""}},"ast-content-background-meta":{"desktop":{"background-color":"var(--ast-global-color-5)","background-image":"","background-repeat":"repeat","background-position":"center center","background-size":"auto","background-attachment":"scroll","background-type":"","background-media":"","overlay-type":"","overlay-color":"","overlay-opacity":"","overlay-gradient":""},"tablet":{"background-color":"var(--ast-global-color-5)","background-image":"","background-repeat":"repeat","background-position":"center center","background-size":"auto","background-attachment":"scroll","background-type":"","background-media":"","overlay-type":"","overlay-color":"","overlay-opacity":"","overlay-gradient":""},"mobile":{"background-color":"var(--ast-global-color-5)","background-image":"","background-repeat":"repeat","background-position":"center center","background-size":"auto","background-attachment":"scroll","background-type":"","background-media":"","overlay-type":"","overlay-color":"","overlay-opacity":"","overlay-gradient":""}},"footnotes":""},"class_list":["post-11","page","type-page","status-publish","hentry"],"_links":{"self":[{"href":"https:\/\/tafqir.org.mx\/index.php?rest_route=\/wp\/v2\/pages\/11","targetHints":{"allow":["GET"]}}],"collection":[{"href":"https:\/\/tafqir.org.mx\/index.php?rest_route=\/wp\/v2\/pages"}],"about":[{"href":"https:\/\/tafqir.org.mx\/index.php?rest_route=\/wp\/v2\/types\/page"}],"author":[{"embeddable":true,"href":"https:\/\/tafqir.org.mx\/index.php?rest_route=\/wp\/v2\/users\/1"}],"replies":[{"embeddable":true,"href":"https:\/\/tafqir.org.mx\/index.php?rest_route=%2Fwp%2Fv2%2Fcomments&post=11"}],"version-history":[{"count":178,"href":"https:\/\/tafqir.org.mx\/index.php?rest_route=\/wp\/v2\/pages\/11\/revisions"}],"predecessor-version":[{"id":853,"href":"https:\/\/tafqir.org.mx\/index.php?rest_route=\/wp\/v2\/pages\/11\/revisions\/853"}],"wp:attachment":[{"href":"https:\/\/tafqir.org.mx\/index.php?rest_route=%2Fwp%2Fv2%2Fmedia&parent=11"}],"curies":[{"name":"wp","href":"https:\/\/api.w.org\/{rel}","templated":true}]}}